{"id":515,"date":"2021-06-14T17:44:02","date_gmt":"2021-06-14T20:44:02","guid":{"rendered":"https:\/\/www.myotischile.cl\/wp\/?page_id=515"},"modified":"2021-06-14T17:46:49","modified_gmt":"2021-06-14T20:46:49","slug":"productoses-2","status":"publish","type":"page","link":"https:\/\/www.myotischile.cl\/wp\/?page_id=515","title":{"rendered":"ProductosES"},"content":{"rendered":"\t\t<div data-elementor-type=\"wp-page\" data-elementor-id=\"515\" class=\"elementor elementor-515\">\n\t\t\t\t\t\t<section class=\"elementor-section elementor-top-section elementor-element elementor-element-12462dc elementor-section-boxed elementor-section-height-default elementor-section-height-default\" data-id=\"12462dc\" data-element_type=\"section\" data-e-type=\"section\">\n\t\t\t\t\t\t<div class=\"elementor-container elementor-column-gap-default\">\n\t\t\t\t\t<div class=\"elementor-column elementor-col-100 elementor-top-column elementor-element elementor-element-fbcdb0c\" data-id=\"fbcdb0c\" data-element_type=\"column\" data-e-type=\"column\">\n\t\t\t<div class=\"elementor-widget-wrap elementor-element-populated\">\n\t\t\t\t\t\t<div class=\"elementor-element elementor-element-c973604 elementor-widget elementor-widget-heading\" data-id=\"c973604\" data-element_type=\"widget\" data-e-type=\"widget\" data-widget_type=\"heading.default\">\n\t\t\t\t<div class=\"elementor-widget-container\">\n\t\t\t\t\t<h2 class=\"elementor-heading-title elementor-size-default\">PRODUCTOS<\/h2>\t\t\t\t<\/div>\n\t\t\t\t<\/div>\n\t\t\t\t\t<\/div>\n\t\t<\/div>\n\t\t\t\t\t<\/div>\n\t\t<\/section>\n\t\t\t\t<section class=\"elementor-section elementor-top-section elementor-element elementor-element-4274bee elementor-section-boxed elementor-section-height-default elementor-section-height-default\" data-id=\"4274bee\" data-element_type=\"section\" data-e-type=\"section\">\n\t\t\t\t\t\t<div class=\"elementor-container elementor-column-gap-default\">\n\t\t\t\t\t<div class=\"elementor-column elementor-col-50 elementor-top-column elementor-element elementor-element-10c2b39\" data-id=\"10c2b39\" data-element_type=\"column\" data-e-type=\"column\">\n\t\t\t<div class=\"elementor-widget-wrap elementor-element-populated\">\n\t\t\t\t\t\t<div class=\"elementor-element elementor-element-cf63641 elementor-widget elementor-widget-image\" data-id=\"cf63641\" data-element_type=\"widget\" data-e-type=\"widget\" data-widget_type=\"image.default\">\n\t\t\t\t<div class=\"elementor-widget-container\">\n\t\t\t\t\t\t\t\t\t\t\t\t\t\t\t<img fetchpriority=\"high\" decoding=\"async\" width=\"768\" height=\"576\" src=\"https:\/\/www.myotischile.cl\/wp\/wp-content\/uploads\/2021\/06\/infigrafiaTelebat-768x576.jpg\" class=\"attachment-medium_large size-medium_large wp-image-520\" alt=\"\" srcset=\"https:\/\/www.myotischile.cl\/wp\/wp-content\/uploads\/2021\/06\/infigrafiaTelebat-768x576.jpg 768w, https:\/\/www.myotischile.cl\/wp\/wp-content\/uploads\/2021\/06\/infigrafiaTelebat-300x225.jpg 300w, https:\/\/www.myotischile.cl\/wp\/wp-content\/uploads\/2021\/06\/infigrafiaTelebat.jpg 800w\" sizes=\"(max-width: 768px) 100vw, 768px\" \/>\t\t\t\t\t\t\t\t\t\t\t\t\t\t\t<\/div>\n\t\t\t\t<\/div>\n\t\t\t\t\t<\/div>\n\t\t<\/div>\n\t\t\t\t<div class=\"elementor-column elementor-col-50 elementor-top-column elementor-element elementor-element-8d7bc9b\" data-id=\"8d7bc9b\" data-element_type=\"column\" data-e-type=\"column\">\n\t\t\t<div class=\"elementor-widget-wrap elementor-element-populated\">\n\t\t\t\t\t\t<div class=\"elementor-element elementor-element-ac68c40 elementor-widget elementor-widget-heading\" data-id=\"ac68c40\" data-element_type=\"widget\" data-e-type=\"widget\" data-widget_type=\"heading.default\">\n\t\t\t\t<div class=\"elementor-widget-container\">\n\t\t\t\t\t<h2 class=\"elementor-heading-title elementor-size-default\">Telebat<br>Sistema de monitoreo de quir\u00f3pteros a distancia.<\/h2>\t\t\t\t<\/div>\n\t\t\t\t<\/div>\n\t\t\t\t<div class=\"elementor-element elementor-element-e7d18c4 elementor-widget elementor-widget-text-editor\" data-id=\"e7d18c4\" data-element_type=\"widget\" data-e-type=\"widget\" data-widget_type=\"text-editor.default\">\n\t\t\t\t<div class=\"elementor-widget-container\">\n\t\t\t\t\t\t\t\t\t<p>Este sistema est\u00e1 dise\u00f1ado para monitorear la actividad de murci\u00e9lagos a distancia. Actualmente se est\u00e1 utilizando principalmente en parques e\u00f3licos. Este servicio, permite monitorear la actividad de murci\u00e9lagos en las \u00e1reas de colisi\u00f3n en tiempo real, de manera de entender las din\u00e1micas de actividad. Esto se realiza, gracias a que estos equipos est\u00e1n implementados con micr\u00f3fonos ultras\u00f3nicos de gran sensibilidad, que captan los ultrasonidos emitidos por los murci\u00e9lagos. Este sonido es analizado y reconocido por el equipo, enviando los datos a una plataforma digital que almacena y presenta la informaci\u00f3n generada en cada noche de monitoreo. Este sistema permite llevar un registro diario de actividad en los parques e\u00f3licos, de manera de identificar los momentos de mayor actividad y riesgo para los quir\u00f3pteros.\u00a0<\/p>\t\t\t\t\t\t\t\t<\/div>\n\t\t\t\t<\/div>\n\t\t\t\t<div class=\"elementor-element elementor-element-1a52142 elementor-widget elementor-widget-image\" data-id=\"1a52142\" data-element_type=\"widget\" data-e-type=\"widget\" data-widget_type=\"image.default\">\n\t\t\t\t<div class=\"elementor-widget-container\">\n\t\t\t\t\t\t\t\t\t\t\t\t\t\t\t<img decoding=\"async\" width=\"768\" height=\"576\" src=\"https:\/\/www.myotischile.cl\/wp\/wp-content\/uploads\/2021\/06\/telebat-768x576.jpg\" class=\"attachment-medium_large size-medium_large wp-image-521\" alt=\"\" srcset=\"https:\/\/www.myotischile.cl\/wp\/wp-content\/uploads\/2021\/06\/telebat-768x576.jpg 768w, https:\/\/www.myotischile.cl\/wp\/wp-content\/uploads\/2021\/06\/telebat-300x225.jpg 300w, https:\/\/www.myotischile.cl\/wp\/wp-content\/uploads\/2021\/06\/telebat.jpg 800w\" sizes=\"(max-width: 768px) 100vw, 768px\" \/>\t\t\t\t\t\t\t\t\t\t\t\t\t\t\t<\/div>\n\t\t\t\t<\/div>\n\t\t\t\t\t<\/div>\n\t\t<\/div>\n\t\t\t\t\t<\/div>\n\t\t<\/section>\n\t\t\t\t<\/div>\n\t\t","protected":false},"excerpt":{"rendered":"<p>PRODUCTOS TelebatSistema de monitoreo de quir\u00f3pteros a distancia. Este sistema est\u00e1 dise\u00f1ado para monitorear la actividad de murci\u00e9lagos a distancia. Actualmente se est\u00e1 utilizando principalmente en parques e\u00f3licos. Este servicio, permite monitorear la actividad de murci\u00e9lagos en las \u00e1reas de colisi\u00f3n en tiempo real, de manera de entender las din\u00e1micas de actividad. Esto se realiza, &hellip;<\/p>\n<p class=\"read-more\"> <a class=\"\" href=\"https:\/\/www.myotischile.cl\/wp\/?page_id=515\"> <span class=\"screen-reader-text\">ProductosES<\/span> Read More &raquo;<\/a><\/p>\n","protected":false},"author":1,"featured_media":0,"parent":0,"menu_order":0,"comment_status":"closed","ping_status":"closed","template":"","meta":{"footnotes":""},"class_list":["post-515","page","type-page","status-publish","hentry"],"_links":{"self":[{"href":"https:\/\/www.myotischile.cl\/wp\/index.php?rest_route=\/wp\/v2\/pages\/515","targetHints":{"allow":["GET"]}}],"collection":[{"href":"https:\/\/www.myotischile.cl\/wp\/index.php?rest_route=\/wp\/v2\/pages"}],"about":[{"href":"https:\/\/www.myotischile.cl\/wp\/index.php?rest_route=\/wp\/v2\/types\/page"}],"author":[{"embeddable":true,"href":"https:\/\/www.myotischile.cl\/wp\/index.php?rest_route=\/wp\/v2\/users\/1"}],"replies":[{"embeddable":true,"href":"https:\/\/www.myotischile.cl\/wp\/index.php?rest_route=%2Fwp%2Fv2%2Fcomments&post=515"}],"version-history":[{"count":10,"href":"https:\/\/www.myotischile.cl\/wp\/index.php?rest_route=\/wp\/v2\/pages\/515\/revisions"}],"predecessor-version":[{"id":527,"href":"https:\/\/www.myotischile.cl\/wp\/index.php?rest_route=\/wp\/v2\/pages\/515\/revisions\/527"}],"wp:attachment":[{"href":"https:\/\/www.myotischile.cl\/wp\/index.php?rest_route=%2Fwp%2Fv2%2Fmedia&parent=515"}],"curies":[{"name":"wp","href":"https:\/\/api.w.org\/{rel}","templated":true}]}}