{"id":350,"date":"2021-05-23T21:11:57","date_gmt":"2021-05-24T00:11:57","guid":{"rendered":"https:\/\/www.myotischile.cl\/wp\/?page_id=350"},"modified":"2021-06-18T10:39:09","modified_gmt":"2021-06-18T13:39:09","slug":"productoses","status":"publish","type":"page","link":"https:\/\/www.myotischile.cl\/wp\/?page_id=350","title":{"rendered":"ServiciosES"},"content":{"rendered":"\t\t<div data-elementor-type=\"wp-page\" data-elementor-id=\"350\" class=\"elementor elementor-350\">\n\t\t\t\t\t\t<section class=\"elementor-section elementor-top-section elementor-element elementor-element-12462dc elementor-section-boxed elementor-section-height-default elementor-section-height-default\" data-id=\"12462dc\" data-element_type=\"section\" data-e-type=\"section\">\n\t\t\t\t\t\t<div class=\"elementor-container elementor-column-gap-default\">\n\t\t\t\t\t<div class=\"elementor-column elementor-col-100 elementor-top-column elementor-element elementor-element-fbcdb0c\" data-id=\"fbcdb0c\" data-element_type=\"column\" data-e-type=\"column\">\n\t\t\t<div class=\"elementor-widget-wrap elementor-element-populated\">\n\t\t\t\t\t\t<div class=\"elementor-element elementor-element-c973604 elementor-widget elementor-widget-heading\" data-id=\"c973604\" data-element_type=\"widget\" data-e-type=\"widget\" data-widget_type=\"heading.default\">\n\t\t\t\t<div class=\"elementor-widget-container\">\n\t\t\t\t\t<h2 class=\"elementor-heading-title elementor-size-default\">SERVICIOS<\/h2>\t\t\t\t<\/div>\n\t\t\t\t<\/div>\n\t\t\t\t\t<\/div>\n\t\t<\/div>\n\t\t\t\t\t<\/div>\n\t\t<\/section>\n\t\t\t\t<section class=\"elementor-section elementor-top-section elementor-element elementor-element-4274bee elementor-section-boxed elementor-section-height-default elementor-section-height-default\" data-id=\"4274bee\" data-element_type=\"section\" data-e-type=\"section\">\n\t\t\t\t\t\t<div class=\"elementor-container elementor-column-gap-default\">\n\t\t\t\t\t<div class=\"elementor-column elementor-col-50 elementor-top-column elementor-element elementor-element-10c2b39\" data-id=\"10c2b39\" data-element_type=\"column\" data-e-type=\"column\">\n\t\t\t<div class=\"elementor-widget-wrap elementor-element-populated\">\n\t\t\t\t\t\t\t<\/div>\n\t\t<\/div>\n\t\t\t\t<div class=\"elementor-column elementor-col-50 elementor-top-column elementor-element elementor-element-8d7bc9b\" data-id=\"8d7bc9b\" data-element_type=\"column\" data-e-type=\"column\">\n\t\t\t<div class=\"elementor-widget-wrap elementor-element-populated\">\n\t\t\t\t\t\t<div class=\"elementor-element elementor-element-ac68c40 elementor-widget elementor-widget-heading\" data-id=\"ac68c40\" data-element_type=\"widget\" data-e-type=\"widget\" data-widget_type=\"heading.default\">\n\t\t\t\t<div class=\"elementor-widget-container\">\n\t\t\t\t\t<h2 class=\"elementor-heading-title elementor-size-default\">Consultor\u00edas<\/h2>\t\t\t\t<\/div>\n\t\t\t\t<\/div>\n\t\t\t\t<div class=\"elementor-element elementor-element-e7d18c4 elementor-widget elementor-widget-text-editor\" data-id=\"e7d18c4\" data-element_type=\"widget\" data-e-type=\"widget\" data-widget_type=\"text-editor.default\">\n\t\t\t\t<div class=\"elementor-widget-container\">\n\t\t\t\t\t\t\t\t\t<p>Con a\u00f1os de experiencia, nuestro equipo tiene la capacidad y la experiencia tanto nacional como internacional en el levantamiento de informaci\u00f3n en terreno en que respecta a fauna silvestre. En Myotis Chile combinamos nuestros conocimientos y pasi\u00f3n para entregar un servicio orientado al cliente donde ofrecemos estudios de l\u00ednea base, vertebrados terrestres como: aves Murci\u00e9lagos, reptiles y anfibios. Monitoreos de parques e\u00f3licos, estudios en fauna etc. Nuestro equipo est\u00e1 conformado por profesionales con una vasta experiencia en estudios de impacto ambiental, log\u00edstica de trabajo en terreno y un alto conocimiento de la fauna nacional.<\/p>\t\t\t\t\t\t\t\t<\/div>\n\t\t\t\t<\/div>\n\t\t\t\t<div class=\"elementor-element elementor-element-40a65e6 elementor-widget elementor-widget-accordion\" data-id=\"40a65e6\" data-element_type=\"widget\" data-e-type=\"widget\" data-widget_type=\"accordion.default\">\n\t\t\t\t<div class=\"elementor-widget-container\">\n\t\t\t\t\t\t\t<div class=\"elementor-accordion\">\n\t\t\t\t\t\t\t<div class=\"elementor-accordion-item\">\n\t\t\t\t\t<div id=\"elementor-tab-title-6771\" class=\"elementor-tab-title\" data-tab=\"1\" role=\"button\" aria-controls=\"elementor-tab-content-6771\" aria-expanded=\"false\">\n\t\t\t\t\t\t\t\t\t\t\t\t\t<span class=\"elementor-accordion-icon elementor-accordion-icon-left\" aria-hidden=\"true\">\n\t\t\t\t\t\t\t\t\t\t\t\t\t\t\t<span class=\"elementor-accordion-icon-closed\"><i class=\"fas fa-plus\"><\/i><\/span>\n\t\t\t\t\t\t\t\t<span class=\"elementor-accordion-icon-opened\"><i class=\"fas fa-minus\"><\/i><\/span>\n\t\t\t\t\t\t\t\t\t\t\t\t\t\t<\/span>\n\t\t\t\t\t\t\t\t\t\t\t\t<a class=\"elementor-accordion-title\" tabindex=\"0\">AN\u00c1LISIS AC\u00daSTICO<\/a>\n\t\t\t\t\t<\/div>\n\t\t\t\t\t<div id=\"elementor-tab-content-6771\" class=\"elementor-tab-content elementor-clearfix\" data-tab=\"1\" role=\"region\" aria-labelledby=\"elementor-tab-title-6771\"><p>El sentido m\u00e1s desarrollado por los murci\u00e9lagos es el auditivo, el cual utilizan para poder orientase en la penumbra. Estos sonidos son de alta frecuencia, donde muchas veces es completamente inaudible para el ser humano. Principalmente es utilizado para localizar obst\u00e1culos y, detectar, clasificar y localizar sus presas.<\/p><p>Actualmente se est\u00e1 utilizando de forma masiva el uso de grabadores de murci\u00e9lagos, para identificar las especies presentes en ciertas \u00e1reas. Sin embargo, en conjunto con la grabaci\u00f3n est\u00e1 la interpretaci\u00f3n de este ultrasonido, de modo de conocer y entender el uso que los murci\u00e9lagos le dan al ambiente. Esto se logra, gracias a que los sonidos son espec\u00edficos para cada especie de murci\u00e9lago Y el tipo de sonido, nos da indicios de la actividad que se encontraba haciendo. Para hacer estos an\u00e1lisis, es necesario saber c\u00f3mo realizar e interpretar un espectrograma.<\/p><p>Para esto, Myotis Chile ofrece el servicio de identificaci\u00f3n de llamadas de los quir\u00f3pteros de Chile. Las grabaciones son analizadas de manera exclusiva y el resultado se entregar\u00e1 en los plazos estipulados. Cont\u00e1ctanos para realizar su an\u00e1lisis sonoro de quir\u00f3pteros.<\/p><\/div>\n\t\t\t\t<\/div>\n\t\t\t\t\t\t\t<div class=\"elementor-accordion-item\">\n\t\t\t\t\t<div id=\"elementor-tab-title-6772\" class=\"elementor-tab-title\" data-tab=\"2\" role=\"button\" aria-controls=\"elementor-tab-content-6772\" aria-expanded=\"false\">\n\t\t\t\t\t\t\t\t\t\t\t\t\t<span class=\"elementor-accordion-icon elementor-accordion-icon-left\" aria-hidden=\"true\">\n\t\t\t\t\t\t\t\t\t\t\t\t\t\t\t<span class=\"elementor-accordion-icon-closed\"><i class=\"fas fa-plus\"><\/i><\/span>\n\t\t\t\t\t\t\t\t<span class=\"elementor-accordion-icon-opened\"><i class=\"fas fa-minus\"><\/i><\/span>\n\t\t\t\t\t\t\t\t\t\t\t\t\t\t<\/span>\n\t\t\t\t\t\t\t\t\t\t\t\t<a class=\"elementor-accordion-title\" tabindex=\"0\">ASESOR\u00cdA EN INVESTIGACI\u00d3N<\/a>\n\t\t\t\t\t<\/div>\n\t\t\t\t\t<div id=\"elementor-tab-content-6772\" class=\"elementor-tab-content elementor-clearfix\" data-tab=\"2\" role=\"region\" aria-labelledby=\"elementor-tab-title-6772\"><p>Nuestra empresa cuenta con la capacidad de asesorar en el \u00e1rea de la investigaci\u00f3n. Actualmente hay mucho desconocimiento acerca de las metodolog\u00edas de investigaci\u00f3n y el: c\u00f3mo, d\u00f3nde y cu\u00e1ndo levantar informaci\u00f3n en terreno respecto a quir\u00f3pteros. Es por esto que ofrecemos este tipo de asesor\u00edas para poder ayudar y guiar en el planeamiento de una investigaci\u00f3n, de manera que los datos sean representativos con el estudio.<\/p><\/div>\n\t\t\t\t<\/div>\n\t\t\t\t\t\t\t<div class=\"elementor-accordion-item\">\n\t\t\t\t\t<div id=\"elementor-tab-title-6773\" class=\"elementor-tab-title\" data-tab=\"3\" role=\"button\" aria-controls=\"elementor-tab-content-6773\" aria-expanded=\"false\">\n\t\t\t\t\t\t\t\t\t\t\t\t\t<span class=\"elementor-accordion-icon elementor-accordion-icon-left\" aria-hidden=\"true\">\n\t\t\t\t\t\t\t\t\t\t\t\t\t\t\t<span class=\"elementor-accordion-icon-closed\"><i class=\"fas fa-plus\"><\/i><\/span>\n\t\t\t\t\t\t\t\t<span class=\"elementor-accordion-icon-opened\"><i class=\"fas fa-minus\"><\/i><\/span>\n\t\t\t\t\t\t\t\t\t\t\t\t\t\t<\/span>\n\t\t\t\t\t\t\t\t\t\t\t\t<a class=\"elementor-accordion-title\" tabindex=\"0\">MURCI\u00c9LAGOS EN VIVIENDAS<\/a>\n\t\t\t\t\t<\/div>\n\t\t\t\t\t<div id=\"elementor-tab-content-6773\" class=\"elementor-tab-content elementor-clearfix\" data-tab=\"3\" role=\"region\" aria-labelledby=\"elementor-tab-title-6773\"><p>Algunas especies de murci\u00e9lagos han aprendido a convivir con el hombre, acompa\u00f1\u00e1ndolos en el proceso de urbanizaci\u00f3n. Esto ha tra\u00eddo problemas de convivencias cuando las colonias se tornan muy numerosas y el hedor de las heces y orina se empiezan a impregnar en las viviendas. Actualmente hay dispositivos y metodolog\u00eda amigables con el medio ambiente y con los murci\u00e9lagos, que ayudan a sacar de manera f\u00e1cil las colonias sin necesidad de capturar ni manipular a los murci\u00e9lagos. Si tienes problemas con alguna colonia de murci\u00e9lago cont\u00e1ctenos para encontrar la mejor soluci\u00f3n para su vivienda.<\/p><\/div>\n\t\t\t\t<\/div>\n\t\t\t\t\t\t\t\t<\/div>\n\t\t\t\t\t\t<\/div>\n\t\t\t\t<\/div>\n\t\t\t\t\t<\/div>\n\t\t<\/div>\n\t\t\t\t\t<\/div>\n\t\t<\/section>\n\t\t\t\t<\/div>\n\t\t","protected":false},"excerpt":{"rendered":"<p>SERVICIOS Consultor\u00edas Con a\u00f1os de experiencia, nuestro equipo tiene la capacidad y la experiencia tanto nacional como internacional en el levantamiento de informaci\u00f3n en terreno en que respecta a fauna silvestre. En Myotis Chile combinamos nuestros conocimientos y pasi\u00f3n para entregar un servicio orientado al cliente donde ofrecemos estudios de l\u00ednea base, vertebrados terrestres como: &hellip;<\/p>\n<p class=\"read-more\"> <a class=\"\" href=\"https:\/\/www.myotischile.cl\/wp\/?page_id=350\"> <span class=\"screen-reader-text\">ServiciosES<\/span> Read More &raquo;<\/a><\/p>\n","protected":false},"author":1,"featured_media":0,"parent":0,"menu_order":0,"comment_status":"closed","ping_status":"closed","template":"","meta":{"footnotes":""},"class_list":["post-350","page","type-page","status-publish","hentry"],"_links":{"self":[{"href":"https:\/\/www.myotischile.cl\/wp\/index.php?rest_route=\/wp\/v2\/pages\/350","targetHints":{"allow":["GET"]}}],"collection":[{"href":"https:\/\/www.myotischile.cl\/wp\/index.php?rest_route=\/wp\/v2\/pages"}],"about":[{"href":"https:\/\/www.myotischile.cl\/wp\/index.php?rest_route=\/wp\/v2\/types\/page"}],"author":[{"embeddable":true,"href":"https:\/\/www.myotischile.cl\/wp\/index.php?rest_route=\/wp\/v2\/users\/1"}],"replies":[{"embeddable":true,"href":"https:\/\/www.myotischile.cl\/wp\/index.php?rest_route=%2Fwp%2Fv2%2Fcomments&post=350"}],"version-history":[{"count":35,"href":"https:\/\/www.myotischile.cl\/wp\/index.php?rest_route=\/wp\/v2\/pages\/350\/revisions"}],"predecessor-version":[{"id":536,"href":"https:\/\/www.myotischile.cl\/wp\/index.php?rest_route=\/wp\/v2\/pages\/350\/revisions\/536"}],"wp:attachment":[{"href":"https:\/\/www.myotischile.cl\/wp\/index.php?rest_route=%2Fwp%2Fv2%2Fmedia&parent=350"}],"curies":[{"name":"wp","href":"https:\/\/api.w.org\/{rel}","templated":true}]}}